{"id":4875,"date":"2022-02-03T11:30:53","date_gmt":"2022-02-03T11:30:53","guid":{"rendered":"http:\/\/www.borghettosanbiagio.com\/privacy\/"},"modified":"2022-02-03T11:30:53","modified_gmt":"2022-02-03T11:30:53","slug":"privacy","status":"publish","type":"page","link":"https:\/\/www.borghettosanbiagio.com\/de\/privacy\/","title":{"rendered":"Privacy"},"content":{"rendered":"<p>[vc_row css=&#8220;.vc_custom_1570462201356{padding-top: 30px !important;padding-right: 30px !important;padding-bottom: 30px !important;padding-left: 30px !important;background-color: #ffffff !important;}&#8220;][vc_column][vc_column_text]<\/p>\n<h2>PRIVACY<\/h2>\n<div id=\"content\" class=\"container\">\n<div class=\"row\">\n<div class=\"twelvecol last\">\n<p><strong>Betrifft:<\/strong> Informationen gem\u00e4\u00df Reg. UE 2016\/679 \u2013 SITO AZIENDALE.<br \/>\n<strong><br \/>\nPremessa<br \/>\n<\/strong>Ai sensi del Reg. UE 2016\/679 (d\u2019ora in avanti GDPR) la ditta <strong>BROCCARDO FABIO ist als Verantwortlicher f\u00fcr die Datenverarbeitung verpflichtet, Ihnen spezifische Informationen \u00fcber die Zwecke und Methoden der Verarbeitung Ihrer Daten, \u00fcber die Stellen, an die sie weitergegeben werden k\u00f6nnen, und \u00fcber Ihre Rechte in Bezug auf die Verarbeitung Ihrer pers\u00f6nlichen Daten zu geben.<\/strong><\/p>\n<p><strong>Die von uns erhobenen personenbezogenen Datenmostrong,<br \/>\n<\/strong>In der nachstehenden Tabelle sind die erhobenen Daten analytisch aufgef\u00fchrt.<\/p>\n<table cellspacing=\"1\">\n<tbody>\n<tr>\n<th><\/th>\n<th>Art der Daten<\/th>\n<th><\/th>\n<\/tr>\n<tr>\n<td rowspan=\"4\">Daten zur Navigation<\/td>\n<td>Verwendete IP-Adressen, Dom\u00e4nennamen oder Computernamen<\/td>\n<td>X<\/td>\n<\/tr>\n<tr>\n<td>Adressen in URI-Notation von Anfragen<\/td>\n<td>X<\/td>\n<\/tr>\n<tr>\n<td>Daten anfordern<\/td>\n<td>X<\/td>\n<\/tr>\n<tr>\n<td>Andere Parameter in Bezug auf das Betriebssystem des Benutzers<\/td>\n<td>X<\/td>\n<\/tr>\n<tr>\n<td rowspan=\"2\">Cookie<\/td>\n<td>Sitzungs-Cookies<\/td>\n<td>X<\/td>\n<\/tr>\n<tr>\n<td>Cookie persistenti<\/td>\n<td>X<\/td>\n<\/tr>\n<tr>\n<td rowspan=\"2\">Dati personali di natura \u201ccomune\u201d<\/td>\n<td>Anagrafiche generali<\/td>\n<td>X<\/td>\n<\/tr>\n<tr>\n<td>Dati di contatto<\/td>\n<td>X<\/td>\n<\/tr>\n<\/tbody>\n<\/table>\n<p>I dati di navigazione sono raccolti dal sistema informatico preposto al funzionamento del sito web e acquisiti, nel corso del loro normale esercizio (la trasmissione \u00e8 implicita nell\u2019uso dei protocolli di comunicazione di internet).<br \/>\nI cookie sono utilizzati per raccogliere informazioni, in forma aggregata, sul numero degli utenti e su come questi visitano il sito stesso. I cookie utilizzati sono solamente di tipo &#8222;tecnico&#8220; per cui non necessitano di consenso specifico.<\/p>\n<p>II dati personali sono trattati solo previo suo specifico e distinto consenso (Art. 7 GDPR), per le seguenti finalit\u00e0 di marketing:<\/p>\n<ul>\n<li>inviarle via e-mail, posta e\/o sms e\/o contatti telefonici, newsletter, comunicazioni commerciali e\/o materiale pubblicitario su prodotti o servizi offerti dal Titolare.<\/li>\n<\/ul>\n<p><strong>Finalit\u00e0 del trattamento (per cosa sono utilizzati i suoi dati personali)<br \/>\n<\/strong>I dati personali che raccogliamo verranno trattati per le seguenti finalit\u00e0:<\/p>\n<ul>\n<li>per adempiere ad obblighi derivanti da un contratto del quale lei \u00e8 parte o, prima del contratto, per adempiere a sue specifiche richieste,<\/li>\n<li>per attivit\u00e0 di analisi di mercato, invio di materiale pubblicitario, attivit\u00e0 promozionali,<\/li>\n<\/ul>\n<p>I dati pervengono su iniziativa del Cliente \/ Fornitore.<\/p>\n<p><strong>Modalit\u00e0 di trattamento (come sono trattati i suoi dati personali)<br \/>\n<\/strong>I dati verranno trattati nel rispetto dei principi di riservatezza, integrit\u00e0 e disponibilit\u00e0 dei dati sia con modalit\u00e0 manuali che informatiche, con l\u2019ausilio di strumenti elettronici e memorizzati sia su supporti informatici che su supporti cartacei che su ogni altro tipo di supporto idoneo e potranno essere conservati anche dopo la scadenza del contratto per l\u2019espletamento di tutti gli eventuali adempimenti connessi. l Titolare tratter\u00e0 i dati personali per il tempo necessario per adempiere alle finalit\u00e0 di cui sopra e comunque per non oltre 2 anni dalla raccolta dei dati.<\/p>\n<div>\n<p><strong>Natura del conferimento e conseguenze di eventuali rifiuti<br \/>\n<\/strong>Il conferimento dei dati \u00e8 facoltativo per le finalit\u00e0 promozionali e l\u2019eventuale rifiuto di prestare il consenso non ha conseguenze negative sull\u2019erogazione degli adempimenti connessi al contratto.<\/p>\n<p><strong>Ambito di comunicazione e diffusione (chi pu\u00f2 accedere ai suoi dati personali)<br \/>\n<\/strong>Possono venire a conoscenza dei vostri dati personali, in qualit\u00e0 di incaricati e\/o Responsabili del trattamento, il nostro personale dipendente (ed eventuali collaboratori), esclusivamente in relazione alle mansioni da loro svolte ed alle finalit\u00e0 sopra espresse.<br \/>\nPotranno inoltre venire a conoscenza dei vostri dati personali, in qualit\u00e0 di Responsabili esterni, alcune specifiche categorie di soggetti esterni alla nostra azienda, sempre per finalit\u00e0 connesse con l\u2019esecuzione degli obblighi derivanti dai rapporti di lavori in essere.<\/p>\n<p>Rientrano tra queste categorie, ad esempio:<\/p>\n<ul>\n<li>ente poste o altre societ\u00e0 di recapito della corrispondenza;<\/li>\n<li>istituti di credito, istituti finanziari per la gestione dei pagamenti;<\/li>\n<li>studi legali;<\/li>\n<li>societ\u00e0 di assicurazione;<\/li>\n<li>societ\u00e0 di manutenzione hardware e software, in relazioni alle necessarie manutenzioni, miglioramenti etc. delle nostre infrastrutture;<\/li>\n<li>studi professionali e\/o societ\u00e0 e\/o associazioni di imprese e di imprenditori che erogano a noi determinati servizi contabili e\/o fiscali.<\/li>\n<\/ul>\n<p>I vostri dati personali potranno inoltre essere comunicati a:<\/p>\n<ul>\n<li>soggetti ai quali la facolt\u00e0 di accedere ai dati stessi sia accordata da disposizioni di legge o regolamentari (es. Guardia di Finanza, forze di Polizia, autorit\u00e0 di controllo, autorit\u00e0 locali di pubblica sicurezza ecc.).<\/li>\n<\/ul>\n<p>Non \u00e8 prevista nessuna forma di diffusione dei Vostri dati (per diffusione si intende portare a conoscenza i Vostri dati ad un numero indefinito di soggetti)<br \/>\nI dati personali sono conservati su server locali ubicati all\u2019interno dell\u2019Unione Europea.<\/p>\n<p><strong>I suoi diritti<br \/>\n<\/strong>Relativamente ai dati medesimi potrete esercitare i diritti previsti dall\u2019Art. 15 del GDPR ovvero la conferma che sia o meno in corso un trattamento di dati personali che vi riguardano e in tal caso l\u2019accesso ai dati, la rettifica degli stessi o la limitazione del trattamento che la riguardano.<br \/>\nOve applicabili, ha altres\u00ec i diritti di cui agli Artt. 16 &#8211; 21 del GDPR (diritto di rettifica, diritto all\u2019oblio, diritto di limitazione di trattamento, diritto alla portabilit\u00e0 dei dati, diritto di opposizione) nonch\u00e9 il diritto di reclamo all\u2019Autorit\u00e0 Garante.<\/p>\n<p><strong>Modalit\u00e0 di esercizio dei diritti<br \/>\n<\/strong>Potr\u00e0 in qualsiasi momento esercitare i diritti inviando:<br \/>\n&#8211; una raccomandata a.r. a BROCCARDO FABIO Via santissima Trinit\u00e0, 76 36015 Schio (VI) (VI),<br \/>\n&#8211; una pec all&#8217;indirizzo broccardo.fabio@pec.it<br \/>\n&#8211; una E-mail all\u2019indirizzo info@borghettosanbiagio.it.<\/p>\n<p><strong>Titolare del trattamento dei dati<br \/>\n<\/strong>Il Titolare del trattamento dei dati a cui \u00e8 possibile rivolgersi per l\u2019esercizio dei diritti di cui al punto precedente \u00e8 BROCCARDO FABIO Via santissima Trinit\u00e0, 76 36015 Schio (VI) Tel. +390445.365932.<\/p>\n<\/div>\n<\/div>\n<\/div>\n<\/div>\n<p>[\/vc_column_text][\/vc_column][\/vc_row]<\/p>\n","protected":false},"excerpt":{"rendered":"<p>[vc_row css=&#8220;.vc_custom_1570462201356{padding-top: 30px !important;padding-right: 30px !important;padding-bottom: 30px !important;padding-left: 30px !important;background-color: #ffffff !important;}&#8220;][vc_column][vc_column_text] PRIVACY Betrifft: Informationen gem\u00e4\u00df Reg. UE 2016\/679 \u2013 SITO AZIENDALE. Premessa Ai sensi del Reg. UE 2016\/679 (d\u2019ora in avanti GDPR) la ditta BROCCARDO FABIO ist als Verantwortlicher f\u00fcr die Datenverarbeitung verpflichtet, Ihnen spezifische Informationen \u00fcber die Zwecke und Methoden der Verarbeitung Ihrer [&hellip;]<\/p>\n","protected":false},"author":1,"featured_media":0,"parent":0,"menu_order":0,"comment_status":"closed","ping_status":"closed","template":"..\/public\/views\/revslider-page-template.php","meta":{"footnotes":""},"class_list":["post-4875","page","type-page","status-publish","hentry"],"_links":{"self":[{"href":"https:\/\/www.borghettosanbiagio.com\/de\/wp-json\/wp\/v2\/pages\/4875","targetHints":{"allow":["GET"]}}],"collection":[{"href":"https:\/\/www.borghettosanbiagio.com\/de\/wp-json\/wp\/v2\/pages"}],"about":[{"href":"https:\/\/www.borghettosanbiagio.com\/de\/wp-json\/wp\/v2\/types\/page"}],"author":[{"embeddable":true,"href":"https:\/\/www.borghettosanbiagio.com\/de\/wp-json\/wp\/v2\/users\/1"}],"replies":[{"embeddable":true,"href":"https:\/\/www.borghettosanbiagio.com\/de\/wp-json\/wp\/v2\/comments?post=4875"}],"version-history":[{"count":0,"href":"https:\/\/www.borghettosanbiagio.com\/de\/wp-json\/wp\/v2\/pages\/4875\/revisions"}],"wp:attachment":[{"href":"https:\/\/www.borghettosanbiagio.com\/de\/wp-json\/wp\/v2\/media?parent=4875"}],"curies":[{"name":"wp","href":"https:\/\/api.w.org\/{rel}","templated":true}]}}